{"id":56,"date":"2020-02-13T17:00:57","date_gmt":"2020-02-13T16:00:57","guid":{"rendered":"https:\/\/www.borbora.hu\/?page_id=56"},"modified":"2023-02-27T11:39:50","modified_gmt":"2023-02-27T10:39:50","slug":"impresszum","status":"publish","type":"page","link":"https:\/\/www.borbora.hu\/?page_id=56","title":{"rendered":"Impresszum"},"content":{"rendered":"<p><\/p>\n<p>A honlapot \u00fczemelteti a Borbora Kft.<\/p>\n<p><\/p>\n<p><\/p>\n<p>Mobil: +36 30 914 1675<br \/>E-mail: <a href=\"mailto:info@borbora.hu\">info@borbora.hu<\/a><br \/>Sz\u00e9khely: 2030 \u00c9rd, Csan\u00e1d u. 93.<br \/>Ad\u00f3sz\u00e1m: 14417179-2-13<br \/>Banksz\u00e1mlasz\u00e1m: 12020304-01365214-00100009<br \/>C\u00e9gjegyz\u00e9ksz\u00e1m: 13-09-122010, Budapest K\u00f6rny\u00e9ki T\u00f6rv\u00e9nysz\u00e9k C\u00e9gb\u00edr\u00f3s\u00e1ga<\/p>\n<p><\/p>\n<p><\/p>\n<p>\u00dcgyvezet\u0151: Csap\u00f3 Zolt\u00e1n<\/p>\n<p><\/p>\n<p><\/p>\n<p>Design \u00e9s fejleszt\u00e9s: Borbora Kft.<\/p>\n<p><\/p>\n","protected":false},"excerpt":{"rendered":"<p>A honlapot \u00fczemelteti a Borbora Kft. Mobil: +36 30 914 1675E-mail: info@borbora.huSz\u00e9khely: 2030 \u00c9rd, Csan\u00e1d u. 93.Ad\u00f3sz\u00e1m: 14417179-2-13Banksz\u00e1mlasz\u00e1m: 12020304-01365214-00100009C\u00e9gjegyz\u00e9ksz\u00e1m: 13-09-122010, Budapest K\u00f6rny\u00e9ki T\u00f6rv\u00e9nysz\u00e9k C\u00e9gb\u00edr\u00f3s\u00e1ga \u00dcgyvezet\u0151: Csap\u00f3 Zolt\u00e1n Design \u00e9s fejleszt\u00e9s: Borbora Kft.<\/p>\n","protected":false},"author":2,"featured_media":0,"parent":0,"menu_order":0,"comment_status":"closed","ping_status":"closed","template":"","meta":{"footnotes":""},"class_list":["post-56","page","type-page","status-publish","hentry","latest_post"],"yoast_head":"<!-- This site is optimized with the Yoast SEO plugin v24.6 - https:\/\/yoast.com\/wordpress\/plugins\/seo\/ -->\n<title>Impresszum - Borbora Borh\u00e1z<\/title>\n<meta name=\"robots\" content=\"index, follow, max-snippet:-1, max-image-preview:large, max-video-preview:-1\" \/>\n<link rel=\"canonical\" href=\"https:\/\/www.borbora.hu\/?page_id=56\" \/>\n<meta property=\"og:locale\" content=\"hu_HU\" \/>\n<meta property=\"og:type\" content=\"article\" \/>\n<meta property=\"og:title\" content=\"Impresszum - Borbora Borh\u00e1z\" \/>\n<meta property=\"og:description\" content=\"A honlapot \u00fczemelteti a Borbora Kft. Mobil: +36 30 914 1675E-mail: info@borbora.huSz\u00e9khely: 2030 \u00c9rd, Csan\u00e1d u. 93.Ad\u00f3sz\u00e1m: 14417179-2-13Banksz\u00e1mlasz\u00e1m: 12020304-01365214-00100009C\u00e9gjegyz\u00e9ksz\u00e1m: 13-09-122010, Budapest K\u00f6rny\u00e9ki T\u00f6rv\u00e9nysz\u00e9k C\u00e9gb\u00edr\u00f3s\u00e1ga \u00dcgyvezet\u0151: Csap\u00f3 Zolt\u00e1n Design \u00e9s fejleszt\u00e9s: Borbora Kft.\" \/>\n<meta property=\"og:url\" content=\"https:\/\/www.borbora.hu\/?page_id=56\" \/>\n<meta property=\"og:site_name\" content=\"Borbora Borh\u00e1z\" \/>\n<meta property=\"article:publisher\" content=\"https:\/\/www.facebook.com\/Borbora-Borhz-101606278064627\" \/>\n<meta property=\"article:modified_time\" content=\"2023-02-27T10:39:50+00:00\" \/>\n<meta name=\"twitter:card\" content=\"summary_large_image\" \/>\n<meta name=\"twitter:label1\" content=\"Becs\u00fclt olvas\u00e1si id\u0151\" \/>\n\t<meta name=\"twitter:data1\" content=\"1 perc\" \/>\n<script type=\"application\/ld+json\" class=\"yoast-schema-graph\">{\"@context\":\"https:\/\/schema.org\",\"@graph\":[{\"@type\":\"WebPage\",\"@id\":\"https:\/\/www.borbora.hu\/?page_id=56\",\"url\":\"https:\/\/www.borbora.hu\/?page_id=56\",\"name\":\"Impresszum - Borbora Borh\u00e1z\",\"isPartOf\":{\"@id\":\"https:\/\/www.borbora.hu\/#website\"},\"datePublished\":\"2020-02-13T16:00:57+00:00\",\"dateModified\":\"2023-02-27T10:39:50+00:00\",\"breadcrumb\":{\"@id\":\"https:\/\/www.borbora.hu\/?page_id=56#breadcrumb\"},\"inLanguage\":\"hu\",\"potentialAction\":[{\"@type\":\"ReadAction\",\"target\":[\"https:\/\/www.borbora.hu\/?page_id=56\"]}]},{\"@type\":\"BreadcrumbList\",\"@id\":\"https:\/\/www.borbora.hu\/?page_id=56#breadcrumb\",\"itemListElement\":[{\"@type\":\"ListItem\",\"position\":1,\"name\":\"Home\",\"item\":\"https:\/\/www.borbora.hu\/\"},{\"@type\":\"ListItem\",\"position\":2,\"name\":\"Impresszum\"}]},{\"@type\":\"WebSite\",\"@id\":\"https:\/\/www.borbora.hu\/#website\",\"url\":\"https:\/\/www.borbora.hu\/\",\"name\":\"Borbora Borh\u00e1z\",\"description\":\"\",\"publisher\":{\"@id\":\"https:\/\/www.borbora.hu\/#organization\"},\"potentialAction\":[{\"@type\":\"SearchAction\",\"target\":{\"@type\":\"EntryPoint\",\"urlTemplate\":\"https:\/\/www.borbora.hu\/?s={search_term_string}\"},\"query-input\":{\"@type\":\"PropertyValueSpecification\",\"valueRequired\":true,\"valueName\":\"search_term_string\"}}],\"inLanguage\":\"hu\"},{\"@type\":\"Organization\",\"@id\":\"https:\/\/www.borbora.hu\/#organization\",\"name\":\"Borbora Borh\u00e1z\",\"url\":\"https:\/\/www.borbora.hu\/\",\"logo\":{\"@type\":\"ImageObject\",\"inLanguage\":\"hu\",\"@id\":\"https:\/\/www.borbora.hu\/#\/schema\/logo\/image\/\",\"url\":\"https:\/\/i0.wp.com\/www.borbora.hu\/wp-content\/uploads\/2020\/02\/cropped-Borbora-Logo-4.retina.jpg?fit=512%2C512&ssl=1\",\"contentUrl\":\"https:\/\/i0.wp.com\/www.borbora.hu\/wp-content\/uploads\/2020\/02\/cropped-Borbora-Logo-4.retina.jpg?fit=512%2C512&ssl=1\",\"width\":512,\"height\":512,\"caption\":\"Borbora Borh\u00e1z\"},\"image\":{\"@id\":\"https:\/\/www.borbora.hu\/#\/schema\/logo\/image\/\"},\"sameAs\":[\"https:\/\/www.facebook.com\/Borbora-Borhz-101606278064627\"]}]}<\/script>\n<!-- \/ Yoast SEO plugin. -->","yoast_head_json":{"title":"Impresszum - Borbora Borh\u00e1z","robots":{"index":"index","follow":"follow","max-snippet":"max-snippet:-1","max-image-preview":"max-image-preview:large","max-video-preview":"max-video-preview:-1"},"canonical":"https:\/\/www.borbora.hu\/?page_id=56","og_locale":"hu_HU","og_type":"article","og_title":"Impresszum - Borbora Borh\u00e1z","og_description":"A honlapot \u00fczemelteti a Borbora Kft. Mobil: +36 30 914 1675E-mail: info@borbora.huSz\u00e9khely: 2030 \u00c9rd, Csan\u00e1d u. 93.Ad\u00f3sz\u00e1m: 14417179-2-13Banksz\u00e1mlasz\u00e1m: 12020304-01365214-00100009C\u00e9gjegyz\u00e9ksz\u00e1m: 13-09-122010, Budapest K\u00f6rny\u00e9ki T\u00f6rv\u00e9nysz\u00e9k C\u00e9gb\u00edr\u00f3s\u00e1ga \u00dcgyvezet\u0151: Csap\u00f3 Zolt\u00e1n Design \u00e9s fejleszt\u00e9s: Borbora Kft.","og_url":"https:\/\/www.borbora.hu\/?page_id=56","og_site_name":"Borbora Borh\u00e1z","article_publisher":"https:\/\/www.facebook.com\/Borbora-Borhz-101606278064627","article_modified_time":"2023-02-27T10:39:50+00:00","twitter_card":"summary_large_image","twitter_misc":{"Becs\u00fclt olvas\u00e1si id\u0151":"1 perc"},"schema":{"@context":"https:\/\/schema.org","@graph":[{"@type":"WebPage","@id":"https:\/\/www.borbora.hu\/?page_id=56","url":"https:\/\/www.borbora.hu\/?page_id=56","name":"Impresszum - Borbora Borh\u00e1z","isPartOf":{"@id":"https:\/\/www.borbora.hu\/#website"},"datePublished":"2020-02-13T16:00:57+00:00","dateModified":"2023-02-27T10:39:50+00:00","breadcrumb":{"@id":"https:\/\/www.borbora.hu\/?page_id=56#breadcrumb"},"inLanguage":"hu","potentialAction":[{"@type":"ReadAction","target":["https:\/\/www.borbora.hu\/?page_id=56"]}]},{"@type":"BreadcrumbList","@id":"https:\/\/www.borbora.hu\/?page_id=56#breadcrumb","itemListElement":[{"@type":"ListItem","position":1,"name":"Home","item":"https:\/\/www.borbora.hu\/"},{"@type":"ListItem","position":2,"name":"Impresszum"}]},{"@type":"WebSite","@id":"https:\/\/www.borbora.hu\/#website","url":"https:\/\/www.borbora.hu\/","name":"Borbora Borh\u00e1z","description":"","publisher":{"@id":"https:\/\/www.borbora.hu\/#organization"},"potentialAction":[{"@type":"SearchAction","target":{"@type":"EntryPoint","urlTemplate":"https:\/\/www.borbora.hu\/?s={search_term_string}"},"query-input":{"@type":"PropertyValueSpecification","valueRequired":true,"valueName":"search_term_string"}}],"inLanguage":"hu"},{"@type":"Organization","@id":"https:\/\/www.borbora.hu\/#organization","name":"Borbora Borh\u00e1z","url":"https:\/\/www.borbora.hu\/","logo":{"@type":"ImageObject","inLanguage":"hu","@id":"https:\/\/www.borbora.hu\/#\/schema\/logo\/image\/","url":"https:\/\/i0.wp.com\/www.borbora.hu\/wp-content\/uploads\/2020\/02\/cropped-Borbora-Logo-4.retina.jpg?fit=512%2C512&ssl=1","contentUrl":"https:\/\/i0.wp.com\/www.borbora.hu\/wp-content\/uploads\/2020\/02\/cropped-Borbora-Logo-4.retina.jpg?fit=512%2C512&ssl=1","width":512,"height":512,"caption":"Borbora Borh\u00e1z"},"image":{"@id":"https:\/\/www.borbora.hu\/#\/schema\/logo\/image\/"},"sameAs":["https:\/\/www.facebook.com\/Borbora-Borhz-101606278064627"]}]}},"jetpack_sharing_enabled":true,"_links":{"self":[{"href":"https:\/\/www.borbora.hu\/index.php?rest_route=\/wp\/v2\/pages\/56","targetHints":{"allow":["GET"]}}],"collection":[{"href":"https:\/\/www.borbora.hu\/index.php?rest_route=\/wp\/v2\/pages"}],"about":[{"href":"https:\/\/www.borbora.hu\/index.php?rest_route=\/wp\/v2\/types\/page"}],"author":[{"embeddable":true,"href":"https:\/\/www.borbora.hu\/index.php?rest_route=\/wp\/v2\/users\/2"}],"replies":[{"embeddable":true,"href":"https:\/\/www.borbora.hu\/index.php?rest_route=%2Fwp%2Fv2%2Fcomments&post=56"}],"version-history":[{"count":3,"href":"https:\/\/www.borbora.hu\/index.php?rest_route=\/wp\/v2\/pages\/56\/revisions"}],"predecessor-version":[{"id":682,"href":"https:\/\/www.borbora.hu\/index.php?rest_route=\/wp\/v2\/pages\/56\/revisions\/682"}],"wp:attachment":[{"href":"https:\/\/www.borbora.hu\/index.php?rest_route=%2Fwp%2Fv2%2Fmedia&parent=56"}],"curies":[{"name":"wp","href":"https:\/\/api.w.org\/{rel}","templated":true}]}}