{"id":670,"date":"2023-02-27T10:47:52","date_gmt":"2023-02-27T09:47:52","guid":{"rendered":"https:\/\/www.borbora.hu\/?page_id=670"},"modified":"2024-05-27T09:59:17","modified_gmt":"2024-05-27T08:59:17","slug":"contacts","status":"publish","type":"page","link":"https:\/\/www.borbora.hu\/?page_id=670","title":{"rendered":"Contacts"},"content":{"rendered":"<p><\/p>\n<div class=\"wp-block-media-text alignwide is-vertically-aligned-center\" style=\"grid-template-columns:15% auto\">\n<figure class=\"wp-block-media-text__media\"><img data-recalc-dims=\"1\" loading=\"lazy\" decoding=\"async\" width=\"100\" height=\"100\" src=\"https:\/\/i0.wp.com\/www.borbora.hu\/wp-content\/uploads\/Phone_icon.jpg?resize=100%2C100&#038;ssl=1\" alt=\"\" class=\"wp-image-112 size-full\"\/><\/figure>\n<div class=\"wp-block-media-text__content\"><\/p>\n<p>Make an appointment for wine tasting:<br \/>+36-30\/492-6857<\/p>\n<p><\/div>\n<\/div>\n<p><\/p>\n<p><\/p>\n<div class=\"wp-block-media-text alignwide is-vertically-aligned-center\" style=\"grid-template-columns:15% auto\">\n<figure class=\"wp-block-media-text__media\"><img data-recalc-dims=\"1\" loading=\"lazy\" decoding=\"async\" width=\"100\" height=\"100\" src=\"https:\/\/i0.wp.com\/www.borbora.hu\/wp-content\/uploads\/Phone_icon.jpg?resize=100%2C100&#038;ssl=1\" alt=\"\" class=\"wp-image-112 size-full\"\/><\/figure>\n<div class=\"wp-block-media-text__content\"><\/p>\n<p>Book the Villa for relaxation:<br \/>+36-30\/914-1675<\/p>\n<p><\/div>\n<\/div>\n<p><\/p>\n<p><\/p>\n<div class=\"wp-block-media-text alignwide is-vertically-aligned-center\" style=\"grid-template-columns:15% auto\">\n<figure class=\"wp-block-media-text__media\"><img data-recalc-dims=\"1\" loading=\"lazy\" decoding=\"async\" width=\"100\" height=\"100\" src=\"https:\/\/i0.wp.com\/www.borbora.hu\/wp-content\/uploads\/House_icon.jpg?resize=100%2C100&#038;ssl=1\" alt=\"\" class=\"wp-image-111 size-full\"\/><\/figure>\n<div class=\"wp-block-media-text__content\"><\/p>\n<p>Google Maps:<br \/><a href=\"https:\/\/www.google.com\/maps\/place\/Borbora+Borh%C3%A1z\/@46.9419232,17.76634,15z\/data=!4m5!3m4!1s0x0:0x9559bd1ddc9234ac!8m2!3d46.9419232!4d17.76634?hl=hu\" target=\"_blank\" rel=\"noreferrer noopener\">Borbora Borh\u00e1z<\/a><br \/>V\u00e1szoly, HRSZ 1211\/8<\/p>\n<p><\/div>\n<\/div>\n<p><\/p>\n<p><\/p>\n<div class=\"wp-block-media-text alignwide is-vertically-aligned-center\" style=\"grid-template-columns:15% auto\">\n<figure class=\"wp-block-media-text__media\"><img data-recalc-dims=\"1\" loading=\"lazy\" decoding=\"async\" width=\"100\" height=\"100\" src=\"https:\/\/i0.wp.com\/www.borbora.hu\/wp-content\/uploads\/Envelope_icon.jpg?resize=100%2C100&#038;ssl=1\" alt=\"\" class=\"wp-image-113 size-full\"\/><\/figure>\n<div class=\"wp-block-media-text__content\"><\/p>\n<p>Mail:<br \/><a aria-label=\"info@borbora.hu (opens in a new tab)\" href=\"mailto:info@borbora.hu\" target=\"_blank\" rel=\"noreferrer noopener\">info@borbora.hu<\/a><\/p>\n<p><\/div>\n<\/div>\n<p><\/p>\n<p><\/p>\n<div class=\"wp-block-media-text alignwide is-vertically-aligned-center\" style=\"grid-template-columns:15% auto\">\n<figure class=\"wp-block-media-text__media\"><img data-recalc-dims=\"1\" loading=\"lazy\" decoding=\"async\" width=\"100\" height=\"100\" src=\"https:\/\/i0.wp.com\/www.borbora.hu\/wp-content\/uploads\/Bottle_and_Glass_icon.jpg?resize=100%2C100&#038;ssl=1\" alt=\"\" class=\"wp-image-114 size-full\"\/><\/figure>\n<div class=\"wp-block-media-text__content\"><\/p>\n<p>Our wines in shops and webshops:<br \/><a href=\"https:\/\/www.borbora.hu\/?page_id=658\" target=\"_blank\" rel=\"noreferrer noopener\">Availability of our wines<\/a><\/p>\n<p><\/div>\n<\/div>\n<p><\/p>\n","protected":false},"excerpt":{"rendered":"<p>Make an appointment for wine tasting:+36-30\/492-6857 Book the Villa for relaxation:+36-30\/914-1675 Google Maps:Borbora Borh\u00e1zV\u00e1szoly, HRSZ 1211\/8 Mail:info@borbora.hu Our wines in shops and webshops:Availability of our wines<\/p>\n","protected":false},"author":2,"featured_media":0,"parent":0,"menu_order":0,"comment_status":"closed","ping_status":"closed","template":"templates\/template-contact.php","meta":{"footnotes":""},"class_list":["post-670","page","type-page","status-publish","hentry","latest_post"],"yoast_head":"<!-- This site is optimized with the Yoast SEO plugin v24.6 - https:\/\/yoast.com\/wordpress\/plugins\/seo\/ -->\n<title>Contacts - Borbora Borh\u00e1z<\/title>\n<meta name=\"robots\" content=\"index, follow, max-snippet:-1, max-image-preview:large, max-video-preview:-1\" \/>\n<link rel=\"canonical\" href=\"https:\/\/www.borbora.hu\/?page_id=670\" \/>\n<meta property=\"og:locale\" content=\"hu_HU\" \/>\n<meta property=\"og:type\" content=\"article\" \/>\n<meta property=\"og:title\" content=\"Contacts - Borbora Borh\u00e1z\" \/>\n<meta property=\"og:description\" content=\"Make an appointment for wine tasting:+36-30\/492-6857 Book the Villa for relaxation:+36-30\/914-1675 Google Maps:Borbora Borh\u00e1zV\u00e1szoly, HRSZ 1211\/8 Mail:info@borbora.hu Our wines in shops and webshops:Availability of our wines\" \/>\n<meta property=\"og:url\" content=\"https:\/\/www.borbora.hu\/?page_id=670\" \/>\n<meta property=\"og:site_name\" content=\"Borbora Borh\u00e1z\" \/>\n<meta property=\"article:publisher\" content=\"https:\/\/www.facebook.com\/Borbora-Borhz-101606278064627\" \/>\n<meta property=\"article:modified_time\" content=\"2024-05-27T08:59:17+00:00\" \/>\n<meta property=\"og:image\" content=\"https:\/\/www.borbora.hu\/wp-content\/uploads\/Phone_icon.jpg\" \/>\n<meta name=\"twitter:card\" content=\"summary_large_image\" \/>\n<meta name=\"twitter:label1\" content=\"Becs\u00fclt olvas\u00e1si id\u0151\" \/>\n\t<meta name=\"twitter:data1\" content=\"1 perc\" \/>\n<script type=\"application\/ld+json\" class=\"yoast-schema-graph\">{\"@context\":\"https:\/\/schema.org\",\"@graph\":[{\"@type\":\"WebPage\",\"@id\":\"https:\/\/www.borbora.hu\/?page_id=670\",\"url\":\"https:\/\/www.borbora.hu\/?page_id=670\",\"name\":\"Contacts - Borbora Borh\u00e1z\",\"isPartOf\":{\"@id\":\"https:\/\/www.borbora.hu\/#website\"},\"primaryImageOfPage\":{\"@id\":\"https:\/\/www.borbora.hu\/?page_id=670#primaryimage\"},\"image\":{\"@id\":\"https:\/\/www.borbora.hu\/?page_id=670#primaryimage\"},\"thumbnailUrl\":\"https:\/\/www.borbora.hu\/wp-content\/uploads\/Phone_icon.jpg\",\"datePublished\":\"2023-02-27T09:47:52+00:00\",\"dateModified\":\"2024-05-27T08:59:17+00:00\",\"breadcrumb\":{\"@id\":\"https:\/\/www.borbora.hu\/?page_id=670#breadcrumb\"},\"inLanguage\":\"hu\",\"potentialAction\":[{\"@type\":\"ReadAction\",\"target\":[\"https:\/\/www.borbora.hu\/?page_id=670\"]}]},{\"@type\":\"ImageObject\",\"inLanguage\":\"hu\",\"@id\":\"https:\/\/www.borbora.hu\/?page_id=670#primaryimage\",\"url\":\"https:\/\/i0.wp.com\/www.borbora.hu\/wp-content\/uploads\/Phone_icon.jpg?fit=100%2C100&ssl=1\",\"contentUrl\":\"https:\/\/i0.wp.com\/www.borbora.hu\/wp-content\/uploads\/Phone_icon.jpg?fit=100%2C100&ssl=1\",\"width\":100,\"height\":100},{\"@type\":\"BreadcrumbList\",\"@id\":\"https:\/\/www.borbora.hu\/?page_id=670#breadcrumb\",\"itemListElement\":[{\"@type\":\"ListItem\",\"position\":1,\"name\":\"Home\",\"item\":\"https:\/\/www.borbora.hu\/\"},{\"@type\":\"ListItem\",\"position\":2,\"name\":\"Contacts\"}]},{\"@type\":\"WebSite\",\"@id\":\"https:\/\/www.borbora.hu\/#website\",\"url\":\"https:\/\/www.borbora.hu\/\",\"name\":\"Borbora Borh\u00e1z\",\"description\":\"\",\"publisher\":{\"@id\":\"https:\/\/www.borbora.hu\/#organization\"},\"potentialAction\":[{\"@type\":\"SearchAction\",\"target\":{\"@type\":\"EntryPoint\",\"urlTemplate\":\"https:\/\/www.borbora.hu\/?s={search_term_string}\"},\"query-input\":{\"@type\":\"PropertyValueSpecification\",\"valueRequired\":true,\"valueName\":\"search_term_string\"}}],\"inLanguage\":\"hu\"},{\"@type\":\"Organization\",\"@id\":\"https:\/\/www.borbora.hu\/#organization\",\"name\":\"Borbora Borh\u00e1z\",\"url\":\"https:\/\/www.borbora.hu\/\",\"logo\":{\"@type\":\"ImageObject\",\"inLanguage\":\"hu\",\"@id\":\"https:\/\/www.borbora.hu\/#\/schema\/logo\/image\/\",\"url\":\"https:\/\/i0.wp.com\/www.borbora.hu\/wp-content\/uploads\/2020\/02\/cropped-Borbora-Logo-4.retina.jpg?fit=512%2C512&ssl=1\",\"contentUrl\":\"https:\/\/i0.wp.com\/www.borbora.hu\/wp-content\/uploads\/2020\/02\/cropped-Borbora-Logo-4.retina.jpg?fit=512%2C512&ssl=1\",\"width\":512,\"height\":512,\"caption\":\"Borbora Borh\u00e1z\"},\"image\":{\"@id\":\"https:\/\/www.borbora.hu\/#\/schema\/logo\/image\/\"},\"sameAs\":[\"https:\/\/www.facebook.com\/Borbora-Borhz-101606278064627\"]}]}<\/script>\n<!-- \/ Yoast SEO plugin. -->","yoast_head_json":{"title":"Contacts - Borbora Borh\u00e1z","robots":{"index":"index","follow":"follow","max-snippet":"max-snippet:-1","max-image-preview":"max-image-preview:large","max-video-preview":"max-video-preview:-1"},"canonical":"https:\/\/www.borbora.hu\/?page_id=670","og_locale":"hu_HU","og_type":"article","og_title":"Contacts - Borbora Borh\u00e1z","og_description":"Make an appointment for wine tasting:+36-30\/492-6857 Book the Villa for relaxation:+36-30\/914-1675 Google Maps:Borbora Borh\u00e1zV\u00e1szoly, HRSZ 1211\/8 Mail:info@borbora.hu Our wines in shops and webshops:Availability of our wines","og_url":"https:\/\/www.borbora.hu\/?page_id=670","og_site_name":"Borbora Borh\u00e1z","article_publisher":"https:\/\/www.facebook.com\/Borbora-Borhz-101606278064627","article_modified_time":"2024-05-27T08:59:17+00:00","og_image":[{"url":"https:\/\/www.borbora.hu\/wp-content\/uploads\/Phone_icon.jpg","type":"","width":"","height":""}],"twitter_card":"summary_large_image","twitter_misc":{"Becs\u00fclt olvas\u00e1si id\u0151":"1 perc"},"schema":{"@context":"https:\/\/schema.org","@graph":[{"@type":"WebPage","@id":"https:\/\/www.borbora.hu\/?page_id=670","url":"https:\/\/www.borbora.hu\/?page_id=670","name":"Contacts - Borbora Borh\u00e1z","isPartOf":{"@id":"https:\/\/www.borbora.hu\/#website"},"primaryImageOfPage":{"@id":"https:\/\/www.borbora.hu\/?page_id=670#primaryimage"},"image":{"@id":"https:\/\/www.borbora.hu\/?page_id=670#primaryimage"},"thumbnailUrl":"https:\/\/www.borbora.hu\/wp-content\/uploads\/Phone_icon.jpg","datePublished":"2023-02-27T09:47:52+00:00","dateModified":"2024-05-27T08:59:17+00:00","breadcrumb":{"@id":"https:\/\/www.borbora.hu\/?page_id=670#breadcrumb"},"inLanguage":"hu","potentialAction":[{"@type":"ReadAction","target":["https:\/\/www.borbora.hu\/?page_id=670"]}]},{"@type":"ImageObject","inLanguage":"hu","@id":"https:\/\/www.borbora.hu\/?page_id=670#primaryimage","url":"https:\/\/i0.wp.com\/www.borbora.hu\/wp-content\/uploads\/Phone_icon.jpg?fit=100%2C100&ssl=1","contentUrl":"https:\/\/i0.wp.com\/www.borbora.hu\/wp-content\/uploads\/Phone_icon.jpg?fit=100%2C100&ssl=1","width":100,"height":100},{"@type":"BreadcrumbList","@id":"https:\/\/www.borbora.hu\/?page_id=670#breadcrumb","itemListElement":[{"@type":"ListItem","position":1,"name":"Home","item":"https:\/\/www.borbora.hu\/"},{"@type":"ListItem","position":2,"name":"Contacts"}]},{"@type":"WebSite","@id":"https:\/\/www.borbora.hu\/#website","url":"https:\/\/www.borbora.hu\/","name":"Borbora Borh\u00e1z","description":"","publisher":{"@id":"https:\/\/www.borbora.hu\/#organization"},"potentialAction":[{"@type":"SearchAction","target":{"@type":"EntryPoint","urlTemplate":"https:\/\/www.borbora.hu\/?s={search_term_string}"},"query-input":{"@type":"PropertyValueSpecification","valueRequired":true,"valueName":"search_term_string"}}],"inLanguage":"hu"},{"@type":"Organization","@id":"https:\/\/www.borbora.hu\/#organization","name":"Borbora Borh\u00e1z","url":"https:\/\/www.borbora.hu\/","logo":{"@type":"ImageObject","inLanguage":"hu","@id":"https:\/\/www.borbora.hu\/#\/schema\/logo\/image\/","url":"https:\/\/i0.wp.com\/www.borbora.hu\/wp-content\/uploads\/2020\/02\/cropped-Borbora-Logo-4.retina.jpg?fit=512%2C512&ssl=1","contentUrl":"https:\/\/i0.wp.com\/www.borbora.hu\/wp-content\/uploads\/2020\/02\/cropped-Borbora-Logo-4.retina.jpg?fit=512%2C512&ssl=1","width":512,"height":512,"caption":"Borbora Borh\u00e1z"},"image":{"@id":"https:\/\/www.borbora.hu\/#\/schema\/logo\/image\/"},"sameAs":["https:\/\/www.facebook.com\/Borbora-Borhz-101606278064627"]}]}},"jetpack_sharing_enabled":true,"_links":{"self":[{"href":"https:\/\/www.borbora.hu\/index.php?rest_route=\/wp\/v2\/pages\/670","targetHints":{"allow":["GET"]}}],"collection":[{"href":"https:\/\/www.borbora.hu\/index.php?rest_route=\/wp\/v2\/pages"}],"about":[{"href":"https:\/\/www.borbora.hu\/index.php?rest_route=\/wp\/v2\/types\/page"}],"author":[{"embeddable":true,"href":"https:\/\/www.borbora.hu\/index.php?rest_route=\/wp\/v2\/users\/2"}],"replies":[{"embeddable":true,"href":"https:\/\/www.borbora.hu\/index.php?rest_route=%2Fwp%2Fv2%2Fcomments&post=670"}],"version-history":[{"count":8,"href":"https:\/\/www.borbora.hu\/index.php?rest_route=\/wp\/v2\/pages\/670\/revisions"}],"predecessor-version":[{"id":1187,"href":"https:\/\/www.borbora.hu\/index.php?rest_route=\/wp\/v2\/pages\/670\/revisions\/1187"}],"wp:attachment":[{"href":"https:\/\/www.borbora.hu\/index.php?rest_route=%2Fwp%2Fv2%2Fmedia&parent=670"}],"curies":[{"name":"wp","href":"https:\/\/api.w.org\/{rel}","templated":true}]}}